{"id":6814,"date":"2026-04-09T17:04:47","date_gmt":"2026-04-09T20:04:47","guid":{"rendered":"https:\/\/studiolotus.com.br\/nafloresta\/?post_type=product&#038;p=6814"},"modified":"2026-04-10T21:57:53","modified_gmt":"2026-04-11T00:57:53","slug":"clube-dos-devoradores-de-livros","status":"publish","type":"product","link":"https:\/\/studiolotus.com.br\/nafloresta\/product\/clube-dos-devoradores-de-livros\/","title":{"rendered":"Clube dos Devoradores de Livros"},"content":{"rendered":"<p>Adquira o Clube e tenha acesso a palestras, rodas de literatura, indica\u00e7\u00f5es de livros para toda a fam\u00edlia, livros liter\u00e1rios e um livro informativo para os respons\u00e1veis sobre temas relacionados aos benef\u00edcios da leitura no desenvolvimento cognitivo e emocional das crian\u00e7as.<\/p>\n<p>A entrega ser\u00e1 realizada na escola que adotou o Clube.<\/p>\n","protected":false},"excerpt":{"rendered":"<p>Adquira o Clube e tenha acesso a palestras, rodas de literatura, indica\u00e7\u00f5es de livros para toda a fam\u00edlia, livros liter\u00e1rios e um livro informativo para os respons\u00e1veis sobre temas relacionados aos benef\u00edcios da leitura no desenvolvimento cognitivo e emocional das crian\u00e7as. A entrega ser\u00e1 realizada na escola que adotou o Clube.<\/p>\n","protected":false},"featured_media":6826,"template":"","meta":[],"product_brand":[],"product_cat":[15],"product_tag":[],"class_list":{"0":"post-6814","1":"product","2":"type-product","3":"status-publish","4":"has-post-thumbnail","6":"product_cat-livros","8":"first","9":"instock","10":"shipping-taxable","11":"purchasable","12":"product-type-variable"},"_links":{"self":[{"href":"https:\/\/studiolotus.com.br\/nafloresta\/wp-json\/wp\/v2\/product\/6814","targetHints":{"allow":["GET"]}}],"collection":[{"href":"https:\/\/studiolotus.com.br\/nafloresta\/wp-json\/wp\/v2\/product"}],"about":[{"href":"https:\/\/studiolotus.com.br\/nafloresta\/wp-json\/wp\/v2\/types\/product"}],"wp:featuredmedia":[{"embeddable":true,"href":"https:\/\/studiolotus.com.br\/nafloresta\/wp-json\/wp\/v2\/media\/6826"}],"wp:attachment":[{"href":"https:\/\/studiolotus.com.br\/nafloresta\/wp-json\/wp\/v2\/media?parent=6814"}],"wp:term":[{"taxonomy":"product_brand","embeddable":true,"href":"https:\/\/studiolotus.com.br\/nafloresta\/wp-json\/wp\/v2\/product_brand?post=6814"},{"taxonomy":"product_cat","embeddable":true,"href":"https:\/\/studiolotus.com.br\/nafloresta\/wp-json\/wp\/v2\/product_cat?post=6814"},{"taxonomy":"product_tag","embeddable":true,"href":"https:\/\/studiolotus.com.br\/nafloresta\/wp-json\/wp\/v2\/product_tag?post=6814"}],"curies":[{"name":"wp","href":"https:\/\/api.w.org\/{rel}","templated":true}]}}