{"id":2069,"date":"2026-04-08T14:24:33","date_gmt":"2026-04-08T17:24:33","guid":{"rendered":"https:\/\/studiolotus.com.br\/horse\/?post_type=product&#038;p=2069"},"modified":"2026-04-08T14:34:03","modified_gmt":"2026-04-08T17:34:03","slug":"diva-clinico-aco-carbono-pintado-com-cabeceira-articulavel","status":"publish","type":"product","link":"https:\/\/studiolotus.com.br\/horse\/produto\/diva-clinico-aco-carbono-pintado-com-cabeceira-articulavel\/","title":{"rendered":"Div\u00e3 Cl\u00ednico | A\u00e7o Carbono Pintado com Cabeceira Articul\u00e1vel"},"content":{"rendered":"<p>Constru\u00eddo integralmente em A\u00e7o Carbono com pintura eletrost\u00e1tica a p\u00f3.<br \/>\nPossui cabeceira m\u00f3vel que se ajusta para o conforto do paciente durante o exame.<\/p>\n<p><strong>Detalhes e Benef\u00edcios:<\/strong><br \/>\nFuncionalidade:Cabeceira articul\u00e1vel que permite o ajuste da posi\u00e7\u00e3o do paciente para conforto ou necessidades do procedimento.<br \/>\nConforto: Leito em chapa de a\u00e7o Carbono com material dur\u00e1vel e de f\u00e1cil higieniza\u00e7\u00e3o.<br \/>\nRobustez: Constru\u00e7\u00e3o soldada e est\u00e1vel, com p\u00e9s que garantem a fixa\u00e7\u00e3o do div\u00e3.<\/p>\n<p><strong>Especifica\u00e7\u00f5es T\u00e9cnicas:<\/strong><br \/>\nMaterial da Estrutura Totalmente em a\u00e7o carbono<br \/>\nLeito A\u00e7o Carbono<br \/>\nCabeceira Articul\u00e1vel (M\u00f3vel)<br \/>\nAcabamento Pintura Eletrost\u00e1tica a p\u00f3<br \/>\nBase P\u00e9s com Ponteiras Pl\u00e1sticas<br \/>\nMedidas (C x L x A) 1,90 m x 0,60 m x 0,80 m<br \/>\nUso Exames Cl\u00ednicos e Repouso<\/p>\n<p>&nbsp;<\/p>\n<p>N\u00famero Anvisa: 83094980005<\/p>\n","protected":false},"excerpt":{"rendered":"<p>Possui cabeceira m\u00f3vel que se ajusta para o conforto do paciente durante o exame.<\/p>\n","protected":false},"featured_media":2093,"comment_status":"open","ping_status":"closed","template":"","meta":[],"product_brand":[],"product_cat":[83],"product_tag":[],"class_list":{"0":"post-2069","1":"product","2":"type-product","3":"status-publish","4":"has-post-thumbnail","6":"product_cat-macas","8":"first","9":"instock","10":"shipping-taxable","11":"product-type-simple"},"_links":{"self":[{"href":"https:\/\/studiolotus.com.br\/horse\/wp-json\/wp\/v2\/product\/2069","targetHints":{"allow":["GET"]}}],"collection":[{"href":"https:\/\/studiolotus.com.br\/horse\/wp-json\/wp\/v2\/product"}],"about":[{"href":"https:\/\/studiolotus.com.br\/horse\/wp-json\/wp\/v2\/types\/product"}],"replies":[{"embeddable":true,"href":"https:\/\/studiolotus.com.br\/horse\/wp-json\/wp\/v2\/comments?post=2069"}],"version-history":[{"count":1,"href":"https:\/\/studiolotus.com.br\/horse\/wp-json\/wp\/v2\/product\/2069\/revisions"}],"predecessor-version":[{"id":2077,"href":"https:\/\/studiolotus.com.br\/horse\/wp-json\/wp\/v2\/product\/2069\/revisions\/2077"}],"wp:featuredmedia":[{"embeddable":true,"href":"https:\/\/studiolotus.com.br\/horse\/wp-json\/wp\/v2\/media\/2093"}],"wp:attachment":[{"href":"https:\/\/studiolotus.com.br\/horse\/wp-json\/wp\/v2\/media?parent=2069"}],"wp:term":[{"taxonomy":"product_brand","embeddable":true,"href":"https:\/\/studiolotus.com.br\/horse\/wp-json\/wp\/v2\/product_brand?post=2069"},{"taxonomy":"product_cat","embeddable":true,"href":"https:\/\/studiolotus.com.br\/horse\/wp-json\/wp\/v2\/product_cat?post=2069"},{"taxonomy":"product_tag","embeddable":true,"href":"https:\/\/studiolotus.com.br\/horse\/wp-json\/wp\/v2\/product_tag?post=2069"}],"curies":[{"name":"wp","href":"https:\/\/api.w.org\/{rel}","templated":true}]}}