{"id":2022,"date":"2026-04-07T16:51:00","date_gmt":"2026-04-07T19:51:00","guid":{"rendered":"https:\/\/studiolotus.com.br\/horse\/?post_type=product&#038;p=2022"},"modified":"2026-04-09T14:08:59","modified_gmt":"2026-04-09T17:08:59","slug":"cadeira-higienica-uso-sanitario-e-chuveiro-aco-carbono","status":"publish","type":"product","link":"https:\/\/studiolotus.com.br\/horse\/produto\/cadeira-higienica-uso-sanitario-e-chuveiro-aco-carbono\/","title":{"rendered":"Cadeira Higi\u00eanica | Uso Sanit\u00e1rio e Chuveiro (A\u00e7o Carbono)"},"content":{"rendered":"<p>Projetada para facilitar o uso do sanit\u00e1rio e proporcionar o banho seguro a pacientes com mobilidade reduzida ou em recupera\u00e7\u00e3o. Esta cadeira \u00e9 a solu\u00e7\u00e3o ideal para garantir a higiene e a dignidade do paciente, com recursos que otimizam o trabalho do cuidador.<br \/>\nConstru\u00edda em A\u00e7o Carbono, oferece durabilidade e estabilidade, sendo um equipamento fundamental para hospitais, cl\u00ednicas e cuidados domiciliares.<\/p>\n<p><strong>Detalhes e Benef\u00edcios:<\/strong><br \/>\nUso Duplo: Ideal para uso no chuveiro e sobre o vaso sanit\u00e1rio, gra\u00e7as ao assento remov\u00edvel.<br \/>\nSeguran\u00e7a na Mobilidade: Equipada com rodas girat\u00f3rias (4 polegadas) com pneus maci\u00e7os e freios bilaterais, o que garante um controle total de travamento e seguran\u00e7a durante a transfer\u00eancia.<br \/>\nEstabilidade e Conforto: Apoio para os bra\u00e7os e p\u00e9s fixos, proporcionando um suporte firme durante o uso e o banho.<br \/>\nEstrutura Dur\u00e1vel: Confeccionada em A\u00e7o Carbono com acabamento em pintura, oferecendo a resist\u00eancia necess\u00e1ria para o ambiente \u00famido.<\/p>\n<p><strong>Especifica\u00e7\u00f5es T\u00e9cnicas:<\/strong><br \/>\nMaterial da Estrutura A\u00e7o Carbono (Pintado)<br \/>\nFuncionalidade Higi\u00eanica (Sanit\u00e1rio) e Chuveiro<br \/>\nAssento Sanit\u00e1rio Remov\u00edvel<br \/>\nApoios Para Bra\u00e7os e P\u00e9s Fixos<br \/>\nRodas Girat\u00f3rias (4\u201d) com Pneus Maci\u00e7os<br \/>\nSeguran\u00e7a Freios Bilaterais<br \/>\nLargura do Assento 40 cm<br \/>\nLargura Total (Aberta) 44 cm<br \/>\nComprimento Total 54 cm<br \/>\nAltura Total (Ch\u00e3o \u00e0 Manopla) 93 cm<\/p>\n<p>N\u00famero Anvisa: 83094980003<\/p>\n","protected":false},"excerpt":{"rendered":"<p>Esta cadeira \u00e9 a solu\u00e7\u00e3o ideal para garantir a higiene e a dignidade do paciente, com recursos que otimizam o trabalho do cuidador.<\/p>\n","protected":false},"featured_media":2025,"comment_status":"open","ping_status":"closed","template":"","meta":[],"product_brand":[],"product_cat":[34],"product_tag":[],"class_list":{"0":"post-2022","1":"product","2":"type-product","3":"status-publish","4":"has-post-thumbnail","6":"product_cat-cadeiras","8":"first","9":"instock","10":"featured","11":"shipping-taxable","12":"product-type-simple"},"_links":{"self":[{"href":"https:\/\/studiolotus.com.br\/horse\/wp-json\/wp\/v2\/product\/2022","targetHints":{"allow":["GET"]}}],"collection":[{"href":"https:\/\/studiolotus.com.br\/horse\/wp-json\/wp\/v2\/product"}],"about":[{"href":"https:\/\/studiolotus.com.br\/horse\/wp-json\/wp\/v2\/types\/product"}],"replies":[{"embeddable":true,"href":"https:\/\/studiolotus.com.br\/horse\/wp-json\/wp\/v2\/comments?post=2022"}],"version-history":[{"count":1,"href":"https:\/\/studiolotus.com.br\/horse\/wp-json\/wp\/v2\/product\/2022\/revisions"}],"predecessor-version":[{"id":2026,"href":"https:\/\/studiolotus.com.br\/horse\/wp-json\/wp\/v2\/product\/2022\/revisions\/2026"}],"wp:featuredmedia":[{"embeddable":true,"href":"https:\/\/studiolotus.com.br\/horse\/wp-json\/wp\/v2\/media\/2025"}],"wp:attachment":[{"href":"https:\/\/studiolotus.com.br\/horse\/wp-json\/wp\/v2\/media?parent=2022"}],"wp:term":[{"taxonomy":"product_brand","embeddable":true,"href":"https:\/\/studiolotus.com.br\/horse\/wp-json\/wp\/v2\/product_brand?post=2022"},{"taxonomy":"product_cat","embeddable":true,"href":"https:\/\/studiolotus.com.br\/horse\/wp-json\/wp\/v2\/product_cat?post=2022"},{"taxonomy":"product_tag","embeddable":true,"href":"https:\/\/studiolotus.com.br\/horse\/wp-json\/wp\/v2\/product_tag?post=2022"}],"curies":[{"name":"wp","href":"https:\/\/api.w.org\/{rel}","templated":true}]}}