{"id":1978,"date":"2026-04-07T15:16:33","date_gmt":"2026-04-07T18:16:33","guid":{"rendered":"https:\/\/studiolotus.com.br\/horse\/?post_type=product&#038;p=1978"},"modified":"2026-04-09T14:09:12","modified_gmt":"2026-04-09T17:09:12","slug":"biombo-clinico-duplo-em-aco-inox","status":"publish","type":"product","link":"https:\/\/studiolotus.com.br\/horse\/produto\/biombo-clinico-duplo-em-aco-inox\/","title":{"rendered":"Biombo Cl\u00ednico Duplo em A\u00e7o Inox"},"content":{"rendered":"<p>Alta Assepsia e Durabilidade<\/p>\n<p><strong>Destaque do Produto:<\/strong><br \/>\nProjetado para ambientes com rigorosos padr\u00f5es de higiene, como centros cir\u00fargicos, UTIs e salas de esteriliza\u00e7\u00e3o. A constru\u00e7\u00e3o em A\u00e7o Inox n\u00e3o s\u00f3 garante a m\u00e1xima resist\u00eancia \u00e0 corros\u00e3o e facilidade de limpeza, como tamb\u00e9m permite a cria\u00e7\u00e3o r\u00e1pida de \u00e1reas de privacidade com total mobilidade.<br \/>\nEste biombo \u00e9 o investimento ideal para locais com alta umidade e onde a longevidade do material \u00e9 crucial.<\/p>\n<p><strong>Detalhes e Benef\u00edcios<\/strong><\/p>\n<p>M\u00e1xima Assepsia: Totalmente constru\u00eddo em A\u00e7o Inox de 3\/4&#8243;, o que confere superior resist\u00eancia qu\u00edmica Cortinas em algod\u00e3o cru ou Pl\u00e1stico PVC que facilita a esteriliza\u00e7\u00e3o e desinfec\u00e7\u00e3o.<br \/>\nMobilidade e Rapidez: Equipado com p\u00e9s e rod\u00edzios de 2 polegadas, pode ser facilmente transportado e posicionado onde a privacidade for necess\u00e1ria.<\/p>\n<p>Compacto e Funcional: A estrutura \u00e9 dobr\u00e1vel, otimizando o espa\u00e7o de armazenamento quando n\u00e3o est\u00e1 em uso.<br \/>\nDurabilidade Incompar\u00e1vel: O A\u00e7o Inox garante que o produto mantenha a integridade e o acabamento profissional por muito mais tempo.<\/p>\n<p><strong>Especifica\u00e7\u00f5es T\u00e9cnicas\u00a0<\/strong><br \/>\nMaterial da Estrutura Tubos em A\u00e7o Inox (3\/4&#8243;) cortinas em pl\u00e1stico PVC ou algod\u00e3o cru<br \/>\nP\u00e9s Com Rod\u00edzios (2&#8243;)<br \/>\nLargura (Aberto) 1,23 m<br \/>\nDimens\u00f5es (Fechado) 0,66 m (Largura) x 1,75 m (Altura)<br \/>\nPeso L\u00edquido 8 kg<br \/>\nCubagem 0,590 M\u00b3 (para transporte)<\/p>\n","protected":false},"excerpt":{"rendered":"<p>Projetado para ambientes com rigorosos padr\u00f5es de higiene, como centros cir\u00fargicos, UTIs e salas de esteriliza\u00e7\u00e3o.<\/p>\n","protected":false},"featured_media":1979,"comment_status":"open","ping_status":"closed","template":"","meta":[],"product_brand":[],"product_cat":[75],"product_tag":[],"class_list":{"0":"post-1978","1":"product","2":"type-product","3":"status-publish","4":"has-post-thumbnail","6":"product_cat-biombos","8":"first","9":"instock","10":"featured","11":"shipping-taxable","12":"product-type-simple"},"_links":{"self":[{"href":"https:\/\/studiolotus.com.br\/horse\/wp-json\/wp\/v2\/product\/1978","targetHints":{"allow":["GET"]}}],"collection":[{"href":"https:\/\/studiolotus.com.br\/horse\/wp-json\/wp\/v2\/product"}],"about":[{"href":"https:\/\/studiolotus.com.br\/horse\/wp-json\/wp\/v2\/types\/product"}],"replies":[{"embeddable":true,"href":"https:\/\/studiolotus.com.br\/horse\/wp-json\/wp\/v2\/comments?post=1978"}],"version-history":[{"count":1,"href":"https:\/\/studiolotus.com.br\/horse\/wp-json\/wp\/v2\/product\/1978\/revisions"}],"predecessor-version":[{"id":1980,"href":"https:\/\/studiolotus.com.br\/horse\/wp-json\/wp\/v2\/product\/1978\/revisions\/1980"}],"wp:featuredmedia":[{"embeddable":true,"href":"https:\/\/studiolotus.com.br\/horse\/wp-json\/wp\/v2\/media\/1979"}],"wp:attachment":[{"href":"https:\/\/studiolotus.com.br\/horse\/wp-json\/wp\/v2\/media?parent=1978"}],"wp:term":[{"taxonomy":"product_brand","embeddable":true,"href":"https:\/\/studiolotus.com.br\/horse\/wp-json\/wp\/v2\/product_brand?post=1978"},{"taxonomy":"product_cat","embeddable":true,"href":"https:\/\/studiolotus.com.br\/horse\/wp-json\/wp\/v2\/product_cat?post=1978"},{"taxonomy":"product_tag","embeddable":true,"href":"https:\/\/studiolotus.com.br\/horse\/wp-json\/wp\/v2\/product_tag?post=1978"}],"curies":[{"name":"wp","href":"https:\/\/api.w.org\/{rel}","templated":true}]}}