{"id":1579,"date":"2026-04-02T14:34:12","date_gmt":"2026-04-02T17:34:12","guid":{"rendered":"https:\/\/studiolotus.com.br\/horse\/?post_type=product&#038;p=1579"},"modified":"2026-04-03T20:49:41","modified_gmt":"2026-04-03T23:49:41","slug":"berco-infantil-fawler-duas-manivelas","status":"publish","type":"product","link":"https:\/\/studiolotus.com.br\/horse\/produto\/berco-infantil-fawler-duas-manivelas\/","title":{"rendered":"Ber\u00e7o Infantil Fawler Duas Manivelas"},"content":{"rendered":"<p><span data-contrast=\"auto\">Estrutura em a\u00e7o carbono\u00a0pintado\u00a0,\u00a0o ber\u00e7o\u00a0\u00e9 projetado para proporcionar conforto e seguran\u00e7a, combinando caracter\u00edsticas essenciais para atender \u00e0s necessidades cl\u00ednicas e facilitar o cuidado hospitalar\u00a0constru\u00eddo em tubos\u00a0de a\u00e7o\u00a0pintados\u00a0\u00a0com\u00a0pintura eletrost\u00e1tica\u00a0a p\u00f3. Grades\u00a0laterais com guias para abaixar, p\u00e9s com\u00a0rod\u00edzios de\u00a03\u2019. Estrado constru\u00eddo em\u00a0chapa de\u00a0a\u00e7o.<\/span><span data-ccp-props=\"{&quot;201341983&quot;:0,&quot;335559739&quot;:0,&quot;335559740&quot;:240}\">\u00a0<\/span><\/p>\n<p><span data-contrast=\"auto\">Possui duas manivelas<\/span><span data-ccp-props=\"{&quot;201341983&quot;:0,&quot;335559739&quot;:0,&quot;335559740&quot;:240}\">\u00a0<\/span><\/p>\n<p><span data-contrast=\"auto\">Movimentos:\u202f Eleva\u00e7\u00e3o dorsal,\u00a0Fawler, Flex\u00e3o de pernas\u00a0e Sentado.<\/span><span data-ccp-props=\"{&quot;201341983&quot;:0,&quot;335559739&quot;:0,&quot;335559740&quot;:240}\">\u00a0<\/span><\/p>\n<p><span data-ccp-props=\"{&quot;201341983&quot;:0,&quot;335559739&quot;:0,&quot;335559740&quot;:240}\">\u00a0<\/span><\/p>\n<p aria-level=\"5\"><b><span data-contrast=\"auto\">Dimens\u00f5es:<\/span><\/b><span data-ccp-props=\"{&quot;134233117&quot;:false,&quot;134233118&quot;:false,&quot;201341983&quot;:0,&quot;335557856&quot;:16777215,&quot;335559738&quot;:0,&quot;335559739&quot;:0,&quot;335559740&quot;:240}\">\u00a0<\/span><\/p>\n<p><span data-contrast=\"auto\">\u00a0(CxLxA) &#8211;\u00a01,50 x 65 x 0,60 m<\/span><span data-ccp-props=\"{&quot;201341983&quot;:0,&quot;335559739&quot;:0,&quot;335559740&quot;:240}\">\u00a0<\/span><\/p>\n<p><span data-ccp-props=\"{&quot;201341983&quot;:0,&quot;335559739&quot;:0,&quot;335559740&quot;:240}\">\u00a0<\/span><\/p>\n","protected":false},"excerpt":{"rendered":"<p>O <span data-contrast=\"auto\">ber\u00e7o \u00e9 projetado para proporcionar conforto e seguran\u00e7a, combinando caracter\u00edsticas essenciais para atender \u00e0s necessidades cl\u00ednicas e facilitar o cuidado hospitalar.<\/span><\/p>\n","protected":false},"featured_media":1580,"comment_status":"open","ping_status":"closed","template":"","meta":[],"product_brand":[],"product_cat":[82],"product_tag":[],"class_list":{"0":"post-1579","1":"product","2":"type-product","3":"status-publish","4":"has-post-thumbnail","6":"product_cat-bercos","8":"first","9":"instock","10":"shipping-taxable","11":"product-type-simple"},"_links":{"self":[{"href":"https:\/\/studiolotus.com.br\/horse\/wp-json\/wp\/v2\/product\/1579","targetHints":{"allow":["GET"]}}],"collection":[{"href":"https:\/\/studiolotus.com.br\/horse\/wp-json\/wp\/v2\/product"}],"about":[{"href":"https:\/\/studiolotus.com.br\/horse\/wp-json\/wp\/v2\/types\/product"}],"replies":[{"embeddable":true,"href":"https:\/\/studiolotus.com.br\/horse\/wp-json\/wp\/v2\/comments?post=1579"}],"version-history":[{"count":3,"href":"https:\/\/studiolotus.com.br\/horse\/wp-json\/wp\/v2\/product\/1579\/revisions"}],"predecessor-version":[{"id":1777,"href":"https:\/\/studiolotus.com.br\/horse\/wp-json\/wp\/v2\/product\/1579\/revisions\/1777"}],"wp:featuredmedia":[{"embeddable":true,"href":"https:\/\/studiolotus.com.br\/horse\/wp-json\/wp\/v2\/media\/1580"}],"wp:attachment":[{"href":"https:\/\/studiolotus.com.br\/horse\/wp-json\/wp\/v2\/media?parent=1579"}],"wp:term":[{"taxonomy":"product_brand","embeddable":true,"href":"https:\/\/studiolotus.com.br\/horse\/wp-json\/wp\/v2\/product_brand?post=1579"},{"taxonomy":"product_cat","embeddable":true,"href":"https:\/\/studiolotus.com.br\/horse\/wp-json\/wp\/v2\/product_cat?post=1579"},{"taxonomy":"product_tag","embeddable":true,"href":"https:\/\/studiolotus.com.br\/horse\/wp-json\/wp\/v2\/product_tag?post=1579"}],"curies":[{"name":"wp","href":"https:\/\/api.w.org\/{rel}","templated":true}]}}