{"id":1576,"date":"2026-04-02T14:26:59","date_gmt":"2026-04-02T17:26:59","guid":{"rendered":"https:\/\/studiolotus.com.br\/horse\/?post_type=product&#038;p=1576"},"modified":"2026-04-02T14:26:59","modified_gmt":"2026-04-02T17:26:59","slug":"berco-hospitalar-fixo","status":"publish","type":"product","link":"https:\/\/studiolotus.com.br\/horse\/produto\/berco-hospitalar-fixo\/","title":{"rendered":"Ber\u00e7o Hospitalar Fixo"},"content":{"rendered":"<p><span data-contrast=\"auto\">Com estrutura em a\u00e7o carbono pintado o ber\u00e7o\u00a0\u00e9 projetado para proporcionar conforto e\u00a0seguran\u00e7a, combinando\u00a0caracter\u00edsticas essenciais para atender \u00e0s necessidades cl\u00ednicas e facilitar o cuidado hospitalar\u00a0constru\u00eddo em tubos\u00a0de a\u00e7o\u00a0pintados\u00a0pintura eletrost\u00e1tica\u00a0a p\u00f3. Grades laterais fixas, p\u00e9s com ponteiras. Estrado constru\u00eddo em\u00a0chapa de\u00a0a\u00e7o.<\/span><span data-ccp-props=\"{&quot;201341983&quot;:0,&quot;335559739&quot;:0,&quot;335559740&quot;:240}\">\u00a0<\/span><\/p>\n<p><span data-contrast=\"auto\">N\u00e3o possui Movimentos no leito.<\/span><span data-ccp-props=\"{&quot;201341983&quot;:0,&quot;335559739&quot;:0,&quot;335559740&quot;:240}\">\u00a0<\/span><\/p>\n<p><span data-contrast=\"auto\">Grades com guias de abaixar<\/span><span data-ccp-props=\"{&quot;201341983&quot;:0,&quot;335559739&quot;:0,&quot;335559740&quot;:240}\">\u00a0<\/span><\/p>\n<p><span data-ccp-props=\"{&quot;201341983&quot;:0,&quot;335559739&quot;:0,&quot;335559740&quot;:240}\">\u00a0<\/span><b><span data-contrast=\"auto\">Dimens\u00f5es:<\/span><\/b><span data-ccp-props=\"{&quot;134233117&quot;:false,&quot;134233118&quot;:false,&quot;201341983&quot;:0,&quot;335557856&quot;:16777215,&quot;335559738&quot;:0,&quot;335559739&quot;:0,&quot;335559740&quot;:240}\">\u00a0<\/span><\/p>\n<p><span data-contrast=\"auto\">1,30m x 0,60m x 0,60m (ch\u00e3o at\u00e9 estrado)\u00a0\u2013 (CxLxA)<\/span><span data-ccp-props=\"{&quot;134233117&quot;:false,&quot;134233118&quot;:false,&quot;201341983&quot;:0,&quot;335557856&quot;:16777215,&quot;335559738&quot;:0,&quot;335559739&quot;:195,&quot;335559740&quot;:240}\">\u00a0<\/span><\/p>\n","protected":false},"excerpt":{"rendered":"<p><span data-contrast=\"auto\">Com estrutura em a\u00e7o carbono pintado o ber\u00e7o \u00e9 projetado para proporcionar conforto e seguran\u00e7a, combinando caracter\u00edsticas essenciais para atender \u00e0s necessidades cl\u00ednicas.<\/span><\/p>\n","protected":false},"featured_media":1577,"comment_status":"open","ping_status":"closed","template":"","meta":[],"product_brand":[],"product_cat":[82],"product_tag":[],"class_list":{"0":"post-1576","1":"product","2":"type-product","3":"status-publish","4":"has-post-thumbnail","6":"product_cat-bercos","8":"first","9":"instock","10":"shipping-taxable","11":"product-type-simple"},"_links":{"self":[{"href":"https:\/\/studiolotus.com.br\/horse\/wp-json\/wp\/v2\/product\/1576","targetHints":{"allow":["GET"]}}],"collection":[{"href":"https:\/\/studiolotus.com.br\/horse\/wp-json\/wp\/v2\/product"}],"about":[{"href":"https:\/\/studiolotus.com.br\/horse\/wp-json\/wp\/v2\/types\/product"}],"replies":[{"embeddable":true,"href":"https:\/\/studiolotus.com.br\/horse\/wp-json\/wp\/v2\/comments?post=1576"}],"version-history":[{"count":1,"href":"https:\/\/studiolotus.com.br\/horse\/wp-json\/wp\/v2\/product\/1576\/revisions"}],"predecessor-version":[{"id":1578,"href":"https:\/\/studiolotus.com.br\/horse\/wp-json\/wp\/v2\/product\/1576\/revisions\/1578"}],"wp:featuredmedia":[{"embeddable":true,"href":"https:\/\/studiolotus.com.br\/horse\/wp-json\/wp\/v2\/media\/1577"}],"wp:attachment":[{"href":"https:\/\/studiolotus.com.br\/horse\/wp-json\/wp\/v2\/media?parent=1576"}],"wp:term":[{"taxonomy":"product_brand","embeddable":true,"href":"https:\/\/studiolotus.com.br\/horse\/wp-json\/wp\/v2\/product_brand?post=1576"},{"taxonomy":"product_cat","embeddable":true,"href":"https:\/\/studiolotus.com.br\/horse\/wp-json\/wp\/v2\/product_cat?post=1576"},{"taxonomy":"product_tag","embeddable":true,"href":"https:\/\/studiolotus.com.br\/horse\/wp-json\/wp\/v2\/product_tag?post=1576"}],"curies":[{"name":"wp","href":"https:\/\/api.w.org\/{rel}","templated":true}]}}