{"id":1573,"date":"2026-04-02T14:21:19","date_gmt":"2026-04-02T17:21:19","guid":{"rendered":"https:\/\/studiolotus.com.br\/horse\/?post_type=product&#038;p=1573"},"modified":"2026-04-09T14:09:22","modified_gmt":"2026-04-09T17:09:22","slug":"banco-auxiliar-inox-estofado","status":"publish","type":"product","link":"https:\/\/studiolotus.com.br\/horse\/produto\/banco-auxiliar-inox-estofado\/","title":{"rendered":"Banco Auxiliar Inox Estofado"},"content":{"rendered":"<p><span data-contrast=\"auto\">Banco Mocho Hospitalar em\u00a0inox com Assento estofado.<\/span><span data-ccp-props=\"{&quot;201341983&quot;:0,&quot;335559739&quot;:0,&quot;335559740&quot;:240}\">\u00a0<\/span><\/p>\n<p><span data-contrast=\"auto\">Indicados para \u00e1reas de espera ou recep\u00e7\u00e3o, esses bancos oferecem conforto com assento estofado em espuma de\u00a05cm\u00a0e\u00a0courvin. Estrutura em tubo redondo de a\u00e7o carbono com pintura eletrost\u00e1tica branca. Regulagem de altura por eixo\u00a0roscado, com\u00a04\u00a0rod\u00edzios de 2\u201d.<\/span><span data-ccp-props=\"{&quot;201341983&quot;:0,&quot;335559739&quot;:0,&quot;335559740&quot;:240}\">\u00a0<\/span><\/p>\n<p><b><span data-contrast=\"auto\">Dimens\u00f5es: 0,3m0 x 0,30m \u2013 (LxC) \u2013 A: de 0,50m at\u00e9 0,65m<\/span><\/b><span data-ccp-props=\"{&quot;201341983&quot;:0,&quot;335559739&quot;:0,&quot;335559740&quot;:240}\">\u00a0<\/span><\/p>\n<p><span data-ccp-props=\"{&quot;201341983&quot;:0,&quot;335559739&quot;:0,&quot;335559740&quot;:240}\">\u00a0<\/span><\/p>\n<p><span data-contrast=\"auto\">Opcional: P\u00e9s com ponteiras ou Rod\u00edzios.<\/span><span data-ccp-props=\"{&quot;201341983&quot;:0,&quot;335559739&quot;:0,&quot;335559740&quot;:240}\">\u00a0<\/span><\/p>\n","protected":false},"excerpt":{"rendered":"<p><span data-contrast=\"auto\">Indicados para \u00e1reas de espera ou recep\u00e7\u00e3o, esses bancos oferecem conforto com assento estofado em espuma de\u00a05cm\u00a0e\u00a0courvin.<\/span><\/p>\n","protected":false},"featured_media":1574,"comment_status":"open","ping_status":"closed","template":"","meta":[],"product_brand":[],"product_cat":[81],"product_tag":[],"class_list":{"0":"post-1573","1":"product","2":"type-product","3":"status-publish","4":"has-post-thumbnail","6":"product_cat-bancos","8":"first","9":"instock","10":"featured","11":"shipping-taxable","12":"product-type-simple"},"_links":{"self":[{"href":"https:\/\/studiolotus.com.br\/horse\/wp-json\/wp\/v2\/product\/1573","targetHints":{"allow":["GET"]}}],"collection":[{"href":"https:\/\/studiolotus.com.br\/horse\/wp-json\/wp\/v2\/product"}],"about":[{"href":"https:\/\/studiolotus.com.br\/horse\/wp-json\/wp\/v2\/types\/product"}],"replies":[{"embeddable":true,"href":"https:\/\/studiolotus.com.br\/horse\/wp-json\/wp\/v2\/comments?post=1573"}],"version-history":[{"count":1,"href":"https:\/\/studiolotus.com.br\/horse\/wp-json\/wp\/v2\/product\/1573\/revisions"}],"predecessor-version":[{"id":1575,"href":"https:\/\/studiolotus.com.br\/horse\/wp-json\/wp\/v2\/product\/1573\/revisions\/1575"}],"wp:featuredmedia":[{"embeddable":true,"href":"https:\/\/studiolotus.com.br\/horse\/wp-json\/wp\/v2\/media\/1574"}],"wp:attachment":[{"href":"https:\/\/studiolotus.com.br\/horse\/wp-json\/wp\/v2\/media?parent=1573"}],"wp:term":[{"taxonomy":"product_brand","embeddable":true,"href":"https:\/\/studiolotus.com.br\/horse\/wp-json\/wp\/v2\/product_brand?post=1573"},{"taxonomy":"product_cat","embeddable":true,"href":"https:\/\/studiolotus.com.br\/horse\/wp-json\/wp\/v2\/product_cat?post=1573"},{"taxonomy":"product_tag","embeddable":true,"href":"https:\/\/studiolotus.com.br\/horse\/wp-json\/wp\/v2\/product_tag?post=1573"}],"curies":[{"name":"wp","href":"https:\/\/api.w.org\/{rel}","templated":true}]}}