{"id":1559,"date":"2026-04-02T14:01:21","date_gmt":"2026-04-02T17:01:21","guid":{"rendered":"https:\/\/studiolotus.com.br\/horse\/?post_type=product&#038;p=1559"},"modified":"2026-04-03T20:50:10","modified_gmt":"2026-04-03T23:50:10","slug":"armario-vitrine-1-porta-para-parede","status":"publish","type":"product","link":"https:\/\/studiolotus.com.br\/horse\/produto\/armario-vitrine-1-porta-para-parede\/","title":{"rendered":"Arm\u00e1rio Vitrine 1 Porta para Parede"},"content":{"rendered":"<p><span data-contrast=\"auto\">Constru\u00eddo para instala\u00e7\u00e3o em paredes, ideal para armazenamento de materiais em ambientes hospitalares ou laboratoriais.\u00a0Estrutura\u00a0constru\u00eddo em cantoneiras de 3\/4\u201d\u00a0x 1\/8\u201d, porta e laterais em vidro cristal 3 mm com fechadura tipo\u00a0yale, 2 prateleiras em vidro cristal 3\u00a0mm, fundo e teto em chapa de a\u00e7o\u00a0Pintado.<\/span><span data-ccp-props=\"{&quot;201341983&quot;:0,&quot;335559739&quot;:160,&quot;335559740&quot;:259}\">\u00a0<\/span><\/p>\n<ul>\n<li><span data-contrast=\"auto\">Estrutura Totalmente confeccionada em chapa de a\u00e7o carbono<\/span><span data-ccp-props=\"{&quot;201341983&quot;:0,&quot;335559739&quot;:0,&quot;335559740&quot;:240}\">\u00a0<\/span><\/li>\n<li><span data-contrast=\"auto\">2\u00a0Prateleiras confeccionadas em vidro cristal 3 mm<\/span><span data-ccp-props=\"{&quot;201341983&quot;:0,&quot;335559739&quot;:0,&quot;335559740&quot;:240}\">\u00a0<\/span><\/li>\n<li><span data-contrast=\"auto\">\u00a0Porta e Laterais confeccionada\u00a0em vidro cristal\u00a03\u00a0mm<\/span><span data-ccp-props=\"{&quot;201341983&quot;:0,&quot;335559739&quot;:0,&quot;335559740&quot;:240}\">\u00a0<\/span><\/li>\n<li><span data-contrast=\"auto\">Possui fechadura com chave tipo Yale<\/span><span data-ccp-props=\"{&quot;201341983&quot;:0,&quot;335559739&quot;:0,&quot;335559740&quot;:240}\">\u00a0<\/span><\/li>\n<li><span data-contrast=\"auto\">Acabamento em pintura eletrost\u00e1tica a p\u00f3 com tratamento\u00a0antiferrugens, secagem em estufa.<\/span><span data-ccp-props=\"{&quot;201341983&quot;:0,&quot;335559739&quot;:0,&quot;335559740&quot;:240}\">\u00a0<\/span><\/li>\n<li><span data-contrast=\"auto\">Dimens\u00f5es:\u00a00,50m x 0,40m x 0,65m\u00a0(AxLxP)<\/span><\/li>\n<\/ul>\n","protected":false},"excerpt":{"rendered":"<p><span data-contrast=\"auto\">Constru\u00eddo para instala\u00e7\u00e3o em paredes, ideal para armazenamento de materiais em ambientes hospitalares ou laboratoriais.\u00a0Estrutura\u00a0constru\u00eddo em cantoneiras de 3\/4\u201d\u00a0x 1\/8\u201d, porta e laterais em vidro cristal 3 mm com fechadura tipo\u00a0yale, 2 prateleiras em vidro cristal 3\u00a0mm, fundo e teto em chapa de a\u00e7o\u00a0Pintado.<\/span><span data-ccp-props=\"{&quot;201341983&quot;:0,&quot;335559739&quot;:160,&quot;335559740&quot;:259}\">\u00a0<\/span><\/p>\n","protected":false},"featured_media":1561,"comment_status":"open","ping_status":"closed","template":"","meta":[],"product_brand":[],"product_cat":[80],"product_tag":[],"class_list":{"0":"post-1559","1":"product","2":"type-product","3":"status-publish","4":"has-post-thumbnail","6":"product_cat-armarios","8":"first","9":"instock","10":"shipping-taxable","11":"product-type-simple"},"_links":{"self":[{"href":"https:\/\/studiolotus.com.br\/horse\/wp-json\/wp\/v2\/product\/1559","targetHints":{"allow":["GET"]}}],"collection":[{"href":"https:\/\/studiolotus.com.br\/horse\/wp-json\/wp\/v2\/product"}],"about":[{"href":"https:\/\/studiolotus.com.br\/horse\/wp-json\/wp\/v2\/types\/product"}],"replies":[{"embeddable":true,"href":"https:\/\/studiolotus.com.br\/horse\/wp-json\/wp\/v2\/comments?post=1559"}],"version-history":[{"count":3,"href":"https:\/\/studiolotus.com.br\/horse\/wp-json\/wp\/v2\/product\/1559\/revisions"}],"predecessor-version":[{"id":1779,"href":"https:\/\/studiolotus.com.br\/horse\/wp-json\/wp\/v2\/product\/1559\/revisions\/1779"}],"wp:featuredmedia":[{"embeddable":true,"href":"https:\/\/studiolotus.com.br\/horse\/wp-json\/wp\/v2\/media\/1561"}],"wp:attachment":[{"href":"https:\/\/studiolotus.com.br\/horse\/wp-json\/wp\/v2\/media?parent=1559"}],"wp:term":[{"taxonomy":"product_brand","embeddable":true,"href":"https:\/\/studiolotus.com.br\/horse\/wp-json\/wp\/v2\/product_brand?post=1559"},{"taxonomy":"product_cat","embeddable":true,"href":"https:\/\/studiolotus.com.br\/horse\/wp-json\/wp\/v2\/product_cat?post=1559"},{"taxonomy":"product_tag","embeddable":true,"href":"https:\/\/studiolotus.com.br\/horse\/wp-json\/wp\/v2\/product_tag?post=1559"}],"curies":[{"name":"wp","href":"https:\/\/api.w.org\/{rel}","templated":true}]}}