{"id":1541,"date":"2026-04-02T13:22:31","date_gmt":"2026-04-02T16:22:31","guid":{"rendered":"https:\/\/studiolotus.com.br\/horse\/?post_type=product&#038;p=1541"},"modified":"2026-04-02T13:23:03","modified_gmt":"2026-04-02T16:23:03","slug":"armario-vitrine-1-porta","status":"publish","type":"product","link":"https:\/\/studiolotus.com.br\/horse\/produto\/armario-vitrine-1-porta\/","title":{"rendered":"Arm\u00e1rio Vitrine 1 porta"},"content":{"rendered":"<p>Ideal para exibir e armazenar produtos em ambientes comerciais ou cl\u00ednicos. Confeccionado em chapa de a\u00e7o carbono com prateleiras de vidro cristal de 3 mm, possui fechadura com chave tipo Yale para seguran\u00e7a. Acabamento em pintura eletrost\u00e1tica a p\u00f3 com tratamento antiferrugem.<\/p>\n<p>&nbsp;<\/p>\n<p>\u2981 Estrutura Totalmente confeccionada em chapa de a\u00e7o carbono<br \/>\n\u2981 Prateleiras confeccionadas em vidro cristal 3 mm<br \/>\n\u2981 Porta e Laterais confeccionada em vidro cristal 3 mm<br \/>\n\u2981 Possui fechadura com chave tipo Yale<br \/>\n\u2981 Acabamento em pintura eletrost\u00e1tica a p\u00f3 com tratamento antiferrugens, secagem em estufa.<br \/>\n\u2981 Dimens\u00f5es: AxLxP &#8211; (1,50&#215;0,50&#215;0,40)<\/p>\n","protected":false},"excerpt":{"rendered":"<p>Ideal para exibir e armazenar produtos em ambientes comerciais ou cl\u00ednicos. Confeccionado em chapa de a\u00e7o carbono com prateleiras de vidro cristal de 3 mm, possui fechadura com chave tipo Yale para seguran\u00e7a. Acabamento em pintura eletrost\u00e1tica a p\u00f3 com tratamento antiferrugem.<\/p>\n<p>&nbsp;<\/p>\n","protected":false},"featured_media":1546,"comment_status":"open","ping_status":"closed","template":"","meta":[],"product_brand":[],"product_cat":[80],"product_tag":[],"class_list":{"0":"post-1541","1":"product","2":"type-product","3":"status-publish","4":"has-post-thumbnail","6":"product_cat-armarios","8":"first","9":"instock","10":"shipping-taxable","11":"product-type-simple"},"_links":{"self":[{"href":"https:\/\/studiolotus.com.br\/horse\/wp-json\/wp\/v2\/product\/1541","targetHints":{"allow":["GET"]}}],"collection":[{"href":"https:\/\/studiolotus.com.br\/horse\/wp-json\/wp\/v2\/product"}],"about":[{"href":"https:\/\/studiolotus.com.br\/horse\/wp-json\/wp\/v2\/types\/product"}],"replies":[{"embeddable":true,"href":"https:\/\/studiolotus.com.br\/horse\/wp-json\/wp\/v2\/comments?post=1541"}],"version-history":[{"count":2,"href":"https:\/\/studiolotus.com.br\/horse\/wp-json\/wp\/v2\/product\/1541\/revisions"}],"predecessor-version":[{"id":1548,"href":"https:\/\/studiolotus.com.br\/horse\/wp-json\/wp\/v2\/product\/1541\/revisions\/1548"}],"wp:featuredmedia":[{"embeddable":true,"href":"https:\/\/studiolotus.com.br\/horse\/wp-json\/wp\/v2\/media\/1546"}],"wp:attachment":[{"href":"https:\/\/studiolotus.com.br\/horse\/wp-json\/wp\/v2\/media?parent=1541"}],"wp:term":[{"taxonomy":"product_brand","embeddable":true,"href":"https:\/\/studiolotus.com.br\/horse\/wp-json\/wp\/v2\/product_brand?post=1541"},{"taxonomy":"product_cat","embeddable":true,"href":"https:\/\/studiolotus.com.br\/horse\/wp-json\/wp\/v2\/product_cat?post=1541"},{"taxonomy":"product_tag","embeddable":true,"href":"https:\/\/studiolotus.com.br\/horse\/wp-json\/wp\/v2\/product_tag?post=1541"}],"curies":[{"name":"wp","href":"https:\/\/api.w.org\/{rel}","templated":true}]}}