{"id":1941,"date":"2026-04-04T22:55:34","date_gmt":"2026-04-05T01:55:34","guid":{"rendered":"https:\/\/studiolotus.com.br\/horse\/solicitar-cotacao-2\/"},"modified":"2026-04-05T15:08:56","modified_gmt":"2026-04-05T18:08:56","slug":"solicitar-cotacao","status":"publish","type":"page","link":"https:\/\/studiolotus.com.br\/horse\/solicitar-cotacao\/","title":{"rendered":"Solicite uma cota\u00e7\u00e3o"},"content":{"rendered":"\t\t<div data-elementor-type=\"wp-page\" data-elementor-id=\"1941\" class=\"elementor elementor-1941\">\n\t\t\t\t<div class=\"elementor-element elementor-element-ff11bd1 e-flex e-con-boxed e-con e-parent\" data-id=\"ff11bd1\" data-element_type=\"container\" data-e-type=\"container\">\n\t\t\t\t\t<div class=\"e-con-inner\">\n\t\t\t\t<div class=\"elementor-element elementor-element-a449a81 elementor-widget elementor-widget-shortcode\" data-id=\"a449a81\" data-element_type=\"widget\" data-e-type=\"widget\" data-widget_type=\"shortcode.default\">\n\t\t\t\t\t\t\t<div class=\"elementor-shortcode\">\n<div class=\"woocommerce ywraq-wrapper ywraq-empty\">\n\t\t\t<div id=\"yith-ywraq-message\"><div class=\"ywraq-question-message\">\n\t<\/div>\n<\/div>\n\t\t\n\t\t\t\t<div class=\"ywraq-form-table-wrapper vertical\">\n\t\t\t<div class=\"ywraq-before-form\">\n\t<p class=\"ywraq_list_empty_message\">Sua lista est\u00e1 vazia, adicione produtos \u00e0 lista para enviar uma solicita\u00e7\u00e3o<p><p class=\"return-to-shop\"><a class=\"button wc-backward\" href=\"https:\/\/studiolotus.com.br\/horse\/loja\/\">Retornar para a Loja<\/a><\/p><\/div>\n\t\t\t\t\t<\/div>\n\t<\/div>\n<\/div>\n\t\t\t\t\t\t<\/div>\n\t\t\t\t\t<\/div>\n\t\t\t\t<\/div>\n\t\t\t\t<\/div>\n\t\t","protected":false},"excerpt":{"rendered":"","protected":false},"author":1,"featured_media":0,"parent":0,"menu_order":0,"comment_status":"closed","ping_status":"closed","template":"","meta":{"footnotes":""},"class_list":["post-1941","page","type-page","status-publish","hentry"],"_links":{"self":[{"href":"https:\/\/studiolotus.com.br\/horse\/wp-json\/wp\/v2\/pages\/1941","targetHints":{"allow":["GET"]}}],"collection":[{"href":"https:\/\/studiolotus.com.br\/horse\/wp-json\/wp\/v2\/pages"}],"about":[{"href":"https:\/\/studiolotus.com.br\/horse\/wp-json\/wp\/v2\/types\/page"}],"author":[{"embeddable":true,"href":"https:\/\/studiolotus.com.br\/horse\/wp-json\/wp\/v2\/users\/1"}],"replies":[{"embeddable":true,"href":"https:\/\/studiolotus.com.br\/horse\/wp-json\/wp\/v2\/comments?post=1941"}],"version-history":[{"count":4,"href":"https:\/\/studiolotus.com.br\/horse\/wp-json\/wp\/v2\/pages\/1941\/revisions"}],"predecessor-version":[{"id":1972,"href":"https:\/\/studiolotus.com.br\/horse\/wp-json\/wp\/v2\/pages\/1941\/revisions\/1972"}],"wp:attachment":[{"href":"https:\/\/studiolotus.com.br\/horse\/wp-json\/wp\/v2\/media?parent=1941"}],"curies":[{"name":"wp","href":"https:\/\/api.w.org\/{rel}","templated":true}]}}